{"id":784,"date":"2018-09-09T12:15:15","date_gmt":"2018-09-09T15:15:15","guid":{"rendered":"https:\/\/isfdmoreno-mis.infd.edu.ar\/sitio\/autoridades\/"},"modified":"2019-05-26T22:04:32","modified_gmt":"2019-05-27T01:04:32","slug":"autoridades","status":"publish","type":"page","link":"https:\/\/isfdmoreno-mis.infd.edu.ar\/sitio\/autoridades\/","title":{"rendered":"Autoridades"},"content":{"rendered":"<p><span style=\"font-family: arial,helvetica,sans-serif; color: #cc6600; font-size: 12pt;\"><strong>\u00a0<\/strong><\/span><\/p>\n<ul>\n<li><strong>Director:<\/strong><strong>\u00a0Lic. Pitura, Carlos Marcelo<\/strong><\/li>\n<li><strong>Vicedirectora<\/strong><strong>: Prof. Burzmi\u00f1ski, Alicia Marcela<\/strong><\/li>\n<li><strong>Vicedirectora a cargo del ISFD: Lic. Teleb\u00e1n, Norma<\/strong><\/li>\n<li><strong>Secretaria: Doro\u00f1uk,Teresa Catalina<\/strong><\/li>\n<\/ul>\n","protected":false},"excerpt":{"rendered":"<p>\u00a0 Director:\u00a0Lic. Pitura, Carlos Marcelo Vicedirectora: Prof. Burzmi\u00f1ski, Alicia Marcela Vicedirectora a cargo del ISFD: Lic. Teleb\u00e1n, Norma Secretaria: Doro\u00f1uk,Teresa Catalina<\/p>\n","protected":false},"author":8,"featured_media":0,"parent":0,"menu_order":0,"comment_status":"closed","ping_status":"closed","template":"","meta":[],"acf":[],"_links":{"self":[{"href":"https:\/\/isfdmoreno-mis.infd.edu.ar\/sitio\/wp-json\/wp\/v2\/pages\/784"}],"collection":[{"href":"https:\/\/isfdmoreno-mis.infd.edu.ar\/sitio\/wp-json\/wp\/v2\/pages"}],"about":[{"href":"https:\/\/isfdmoreno-mis.infd.edu.ar\/sitio\/wp-json\/wp\/v2\/types\/page"}],"author":[{"embeddable":true,"href":"https:\/\/isfdmoreno-mis.infd.edu.ar\/sitio\/wp-json\/wp\/v2\/users\/8"}],"replies":[{"embeddable":true,"href":"https:\/\/isfdmoreno-mis.infd.edu.ar\/sitio\/wp-json\/wp\/v2\/comments?post=784"}],"version-history":[{"count":6,"href":"https:\/\/isfdmoreno-mis.infd.edu.ar\/sitio\/wp-json\/wp\/v2\/pages\/784\/revisions"}],"predecessor-version":[{"id":819,"href":"https:\/\/isfdmoreno-mis.infd.edu.ar\/sitio\/wp-json\/wp\/v2\/pages\/784\/revisions\/819"}],"wp:attachment":[{"href":"https:\/\/isfdmoreno-mis.infd.edu.ar\/sitio\/wp-json\/wp\/v2\/media?parent=784"}],"curies":[{"name":"wp","href":"https:\/\/api.w.org\/{rel}","templated":true}]}}