{"id":776,"date":"2018-09-09T12:15:13","date_gmt":"2018-09-09T15:15:13","guid":{"rendered":"https:\/\/isfdmoreno-mis.infd.edu.ar\/sitio\/docentes\/"},"modified":"2019-07-21T21:08:08","modified_gmt":"2019-07-22T00:08:08","slug":"docentes-nivel-superior","status":"publish","type":"page","link":"https:\/\/isfdmoreno-mis.infd.edu.ar\/sitio\/docentes-nivel-superior\/","title":{"rendered":"Docentes Nivel Superior"},"content":{"rendered":"<p style=\"text-align: center;\"><span style=\"font-size: 10pt;\">Presentaci\u00f3n de los docentes de las Carreras de Formaci\u00f3n Docente del<\/span><\/p>\n<h2 style=\"text-align: center;\">ISFD \u00abMariano Moreno\u00bb<\/h2>\n<p>Amarilla, Mar\u00eda Cecilia<\/p>\n<p>Barchuk, M\u00f3nica Raquel<\/p>\n<p>Benitez, Diego Antonio<\/p>\n<p>Camelino, Marta Esperanza<\/p>\n<p>Diaz, Norma Amada<\/p>\n<p>Duarte, Griselda Margarita<\/p>\n<p>Figueroa, Mercedes Malvina<\/p>\n<p>Gural, Graciela Vicenta<\/p>\n<p>Holovachuk, Mar\u00eda Rosa<\/p>\n<p>Kruszelnicki, Mariana Andrea<\/p>\n<p>Lima, Claudia Andrea<\/p>\n<p>L\u00f3pez, Mar\u00eda Mercedes<\/p>\n<p>Morgenstern, Nancy Graciela<\/p>\n<p>Pinto, Silvia Liliana<\/p>\n<p>Pitura, Carlos Marcelo<\/p>\n<p>Saleha, Mar\u00eda Yohana<\/p>\n<p>Sarasua, Marta Claudia De Los \u00c1ngeles<\/p>\n<p>Screpnik, Graciela Beatriz<\/p>\n<p>Skuarek, H\u00e9ctor Ariel<\/p>\n<p>Skuaro, Mar\u00eda Del Carmen<\/p>\n<p>Sniechowski, Mar\u00eda Emilia<\/p>\n<p>Teleb\u00e1n, Juana Mar\u00eda<\/p>\n<p>Teleb\u00e1n, Marta Luisa<\/p>\n<p>Teleb\u00e1n, Norma<\/p>\n<p>Vallone, Juan Ram\u00f3n<\/p>\n<p>Vigay, Norma<\/p>\n<p>Yaczesen, Sandra Paola<\/p>\n<p>&nbsp;<\/p>\n","protected":false},"excerpt":{"rendered":"<p>Presentaci\u00f3n de los docentes de las Carreras de Formaci\u00f3n Docente del ISFD \u00abMariano Moreno\u00bb Amarilla, Mar\u00eda Cecilia Barchuk, M\u00f3nica Raquel Benitez, Diego Antonio Camelino, Marta Esperanza Diaz, Norma Amada Duarte, Griselda Margarita Figueroa, Mercedes Malvina Gural, Graciela Vicenta Holovachuk, Mar\u00eda Rosa Kruszelnicki, Mariana Andrea Lima, Claudia Andrea L\u00f3pez, Mar\u00eda Mercedes Morgenstern, Nancy Graciela Pinto, Silvia &#8230; <a title=\"Docentes Nivel Superior\" class=\"read-more\" href=\"https:\/\/isfdmoreno-mis.infd.edu.ar\/sitio\/docentes-nivel-superior\/\" aria-label=\"More on Docentes Nivel Superior\">[+]<\/a><\/p>\n","protected":false},"author":8,"featured_media":0,"parent":0,"menu_order":0,"comment_status":"closed","ping_status":"closed","template":"","meta":[],"acf":[],"_links":{"self":[{"href":"https:\/\/isfdmoreno-mis.infd.edu.ar\/sitio\/wp-json\/wp\/v2\/pages\/776"}],"collection":[{"href":"https:\/\/isfdmoreno-mis.infd.edu.ar\/sitio\/wp-json\/wp\/v2\/pages"}],"about":[{"href":"https:\/\/isfdmoreno-mis.infd.edu.ar\/sitio\/wp-json\/wp\/v2\/types\/page"}],"author":[{"embeddable":true,"href":"https:\/\/isfdmoreno-mis.infd.edu.ar\/sitio\/wp-json\/wp\/v2\/users\/8"}],"replies":[{"embeddable":true,"href":"https:\/\/isfdmoreno-mis.infd.edu.ar\/sitio\/wp-json\/wp\/v2\/comments?post=776"}],"version-history":[{"count":7,"href":"https:\/\/isfdmoreno-mis.infd.edu.ar\/sitio\/wp-json\/wp\/v2\/pages\/776\/revisions"}],"predecessor-version":[{"id":824,"href":"https:\/\/isfdmoreno-mis.infd.edu.ar\/sitio\/wp-json\/wp\/v2\/pages\/776\/revisions\/824"}],"wp:attachment":[{"href":"https:\/\/isfdmoreno-mis.infd.edu.ar\/sitio\/wp-json\/wp\/v2\/media?parent=776"}],"curies":[{"name":"wp","href":"https:\/\/api.w.org\/{rel}","templated":true}]}}