{"id":774,"date":"2018-08-02T12:15:12","date_gmt":"2018-08-02T15:15:12","guid":{"rendered":"https:\/\/isfdmoreno-mis.infd.edu.ar\/sitio\/datos-institucionales\/"},"modified":"2019-05-26T22:15:54","modified_gmt":"2019-05-27T01:15:54","slug":"datos-institucionales","status":"publish","type":"page","link":"https:\/\/isfdmoreno-mis.infd.edu.ar\/sitio\/datos-institucionales\/","title":{"rendered":"Datos institucionales"},"content":{"rendered":"<blockquote>\n<p style=\"text-align: center;\"><span style=\"font-size: 14pt;\"><span style=\"font-family: arial black,avant garde;\">Instituto Superior de Formaci<\/span><span style=\"font-family: arial black,avant garde;\">\u00f3<\/span><\/span><span style=\"font-size: 14pt;\"><span style=\"font-family: arial black,avant garde;\">n Docente \u00abMariano Moreno\u00bb<\/span><\/span><\/p>\n<ul>\n<li><strong>Ubicaci\u00f3n: Avenida 9 de julio 245 &#8211; Ap\u00f3stoles, Misiones.<\/strong><\/li>\n<li><strong>Horario de Atenci\u00f3n: 18 a 22.15 hs<\/strong><\/li>\n<li><strong>Tel\u00e9fono: (03758) 422513<\/strong><\/li>\n<li><strong>E-mail:\u00a0\u00a0marianomorenoisfd@gmail.com<\/strong><\/li>\n<li><strong>URL:\u00a0https:\/\/isfdmoreno-mis.infd.edu.ar\/sitio\/<\/strong><\/li>\n<\/ul>\n<\/blockquote>\n","protected":false},"excerpt":{"rendered":"<p>Instituto Superior de Formaci\u00f3n Docente \u00abMariano Moreno\u00bb Ubicaci\u00f3n: Avenida 9 de julio 245 &#8211; Ap\u00f3stoles, Misiones. Horario de Atenci\u00f3n: 18 a 22.15 hs Tel\u00e9fono: (03758) 422513 E-mail:\u00a0\u00a0marianomorenoisfd@gmail.com URL:\u00a0https:\/\/isfdmoreno-mis.infd.edu.ar\/sitio\/<\/p>\n","protected":false},"author":23,"featured_media":0,"parent":0,"menu_order":0,"comment_status":"closed","ping_status":"closed","template":"","meta":[],"acf":[],"_links":{"self":[{"href":"https:\/\/isfdmoreno-mis.infd.edu.ar\/sitio\/wp-json\/wp\/v2\/pages\/774"}],"collection":[{"href":"https:\/\/isfdmoreno-mis.infd.edu.ar\/sitio\/wp-json\/wp\/v2\/pages"}],"about":[{"href":"https:\/\/isfdmoreno-mis.infd.edu.ar\/sitio\/wp-json\/wp\/v2\/types\/page"}],"author":[{"embeddable":true,"href":"https:\/\/isfdmoreno-mis.infd.edu.ar\/sitio\/wp-json\/wp\/v2\/users\/23"}],"replies":[{"embeddable":true,"href":"https:\/\/isfdmoreno-mis.infd.edu.ar\/sitio\/wp-json\/wp\/v2\/comments?post=774"}],"version-history":[{"count":3,"href":"https:\/\/isfdmoreno-mis.infd.edu.ar\/sitio\/wp-json\/wp\/v2\/pages\/774\/revisions"}],"predecessor-version":[{"id":822,"href":"https:\/\/isfdmoreno-mis.infd.edu.ar\/sitio\/wp-json\/wp\/v2\/pages\/774\/revisions\/822"}],"wp:attachment":[{"href":"https:\/\/isfdmoreno-mis.infd.edu.ar\/sitio\/wp-json\/wp\/v2\/media?parent=774"}],"curies":[{"name":"wp","href":"https:\/\/api.w.org\/{rel}","templated":true}]}}